{"id":90,"date":"2018-07-03T15:18:37","date_gmt":"2018-07-03T13:18:37","guid":{"rendered":"http:\/\/yoga-atmajaya.fr\/?page_id=90"},"modified":"2025-12-05T13:09:04","modified_gmt":"2025-12-05T12:09:04","slug":"accueil","status":"publish","type":"page","link":"https:\/\/yoga-atmajaya.fr\/","title":{"rendered":"Accueil"},"content":{"rendered":"\n<p>Yoga doux, mouvement conscient, travail des fascias et m\u00e9ditation \u00e0 La Colle sur loup : Une approche simple, sensible et accessible pour un mieux-\u00eatre profond du corps, du souffle et de la conscience.<\/p>\n\n\n\n<p>&#8220;J\u2019accompagne les personnes vers un mieux-\u00eatre global \u2014 corporel, \u00e9motionnel et int\u00e9rieur \u2014 en unissant mouvement doux, travail des fascias, respiration, m\u00e9ditation et enseignements de sagesse, dans une approche simple et accessible&#8221;.  Catherine<\/p>\n\n\n\n<p><\/p>\n","protected":false},"excerpt":{"rendered":"<p>Yoga doux, mouvement conscient, travail des fascias et m\u00e9ditation \u00e0 La Colle sur loup : Une approche simple, sensible et accessible pour un mieux-\u00eatre profond du corps, du souffle et de la conscience. &#8220;J\u2019accompagne les personnes vers un mieux-\u00eatre global \u2014 corporel, \u00e9motionnel et int\u00e9rieur \u2014 en unissant mouvement doux, travail des fascias, respiration, m\u00e9ditation &hellip; <\/p>\n<p class=\"link-more\"><a href=\"https:\/\/yoga-atmajaya.fr\/\" class=\"more-link\">Continue reading<span class=\"screen-reader-text\"> &#8220;Accueil&#8221;<\/span><\/a><\/p>\n","protected":false},"author":1,"featured_media":55,"parent":0,"menu_order":0,"comment_status":"closed","ping_status":"closed","template":"","meta":{"footnotes":""},"class_list":["post-90","page","type-page","status-publish","has-post-thumbnail","hentry"],"_links":{"self":[{"href":"https:\/\/yoga-atmajaya.fr\/index.php\/wp-json\/wp\/v2\/pages\/90","targetHints":{"allow":["GET"]}}],"collection":[{"href":"https:\/\/yoga-atmajaya.fr\/index.php\/wp-json\/wp\/v2\/pages"}],"about":[{"href":"https:\/\/yoga-atmajaya.fr\/index.php\/wp-json\/wp\/v2\/types\/page"}],"author":[{"embeddable":true,"href":"https:\/\/yoga-atmajaya.fr\/index.php\/wp-json\/wp\/v2\/users\/1"}],"replies":[{"embeddable":true,"href":"https:\/\/yoga-atmajaya.fr\/index.php\/wp-json\/wp\/v2\/comments?post=90"}],"version-history":[{"count":5,"href":"https:\/\/yoga-atmajaya.fr\/index.php\/wp-json\/wp\/v2\/pages\/90\/revisions"}],"predecessor-version":[{"id":479,"href":"https:\/\/yoga-atmajaya.fr\/index.php\/wp-json\/wp\/v2\/pages\/90\/revisions\/479"}],"wp:featuredmedia":[{"embeddable":true,"href":"https:\/\/yoga-atmajaya.fr\/index.php\/wp-json\/wp\/v2\/media\/55"}],"wp:attachment":[{"href":"https:\/\/yoga-atmajaya.fr\/index.php\/wp-json\/wp\/v2\/media?parent=90"}],"curies":[{"name":"wp","href":"https:\/\/api.w.org\/{rel}","templated":true}]}}