{"id":446,"date":"2025-12-04T16:30:51","date_gmt":"2025-12-04T15:30:51","guid":{"rendered":"http:\/\/yoga-atmajaya.fr\/?page_id=446"},"modified":"2026-04-20T11:12:38","modified_gmt":"2026-04-20T09:12:38","slug":"fascias-et-mouvements-conscients","status":"publish","type":"page","link":"https:\/\/yoga-atmajaya.fr\/index.php\/fascias-et-mouvements-conscients\/","title":{"rendered":"Fascias et Etirements conscients sp\u00e9cial Dos"},"content":{"rendered":"<h2 data-start=\"218\" data-end=\"298\"><strong data-start=\"221\" data-end=\"296\">Une approche douce du yoga et du mouvement pour lib\u00e9rer le dos et les tissus profonds.<\/strong><\/h2>\n<p data-start=\"299\" data-end=\"387\"><em data-start=\"299\" data-end=\"387\">(adapt\u00e9s aux dos sensibles et \u00e0 tous ceux qui souhaitent regagner fluidit\u00e9 et confort)<\/em><\/p>\n<p data-start=\"389\" data-end=\"763\">Dans ces s\u00e9ances, nous explorons une approche de mouvement lente, pr\u00e9cise et profond\u00e9ment respectueuse du corps, fond\u00e9e sur des spirales, des micro-d\u00e9placements et un jeu subtil avec la gravit\u00e9.<\/p>\n<p data-start=\"389\" data-end=\"763\">L\u2019objectif est d&#8217;assouplir en douceur, de lib\u00e9rer les tensions accumul\u00e9es et redonner au syst\u00e8me nerveux un espace de calme et de s\u00e9curit\u00e9.<\/p>\n<p data-start=\"389\" data-end=\"763\">En tant que pratiquante du Yoga depuis de longues ann\u00e9es, je voudrais vous expliquer pourquoi j&#8217;ai souhait\u00e9 int\u00e9gr\u00e9 cette pratique dans ma proposition : ces s\u00e9ances \u00a0travaillent sur le fascia, ce vaste r\u00e9seau de tissu conjonctif qui soutient notre corps. Et le fait fascinant pour nous qui sommes pratiquant du yoga c&#8217;est que pour &#8220;atteindre&#8221; le fascia, il faut renoncer \u00e0 tout engagement musculaire. C&#8217;est cela le point cl\u00e9. Il nous faut d\u00e9sapprendre l&#8217;engagement musculaire parce que le fascia se travaille par la lenteur, le relachement intelligent et le mouvement spiral\u00e9, en aucun cas par l&#8217;effort. Cette id\u00e9e de &#8220;d\u00e9sapprendre l&#8217;engagement musculaire&#8221; est vraiment compl\u00e9mentaire des cours que je propose et offre de merveilleux bienfaits pour notre corps mais aussi pour notre paysage int\u00e9rieur offrant un grand moment de d\u00e9tente et de douceur.<\/p>\n<h3 data-start=\"765\" data-end=\"804\"><strong data-start=\"769\" data-end=\"804\">Comment se d\u00e9roule une s\u00e9ance ?<\/strong><\/h3>\n<blockquote data-start=\"553\" data-end=\"715\">\n<p style=\"text-align: center;\" data-start=\"555\" data-end=\"715\"><em data-start=\"555\" data-end=\"715\">Dans ce cours, je vous propose une approche du mouvement qui ne repose pas sur une m\u00e9thode unique, <\/em><\/p>\n<p style=\"text-align: center;\" data-start=\"555\" data-end=\"715\"><em data-start=\"555\" data-end=\"715\">mais sur une logique d\u2019\u00e9coute et de progression int\u00e9rieure.<\/em><\/p>\n<\/blockquote>\n<p data-start=\"717\" data-end=\"1008\">Nous commen\u00e7ons toujours par installer de la disponibilit\u00e9 : prendre le temps de ralentir, d\u2019habiter le corps, d\u2019affiner l\u2019\u00e9coute.<br data-start=\"853\" data-end=\"856\" \/>Cette premi\u00e8re partie est essentielle. Elle permet de sortir du faire, du contr\u00f4le, des automatismes, et de rendre le syst\u00e8me nerveux plus r\u00e9ceptif.<\/p>\n<p data-start=\"1010\" data-end=\"1226\">\u00c0 partir de l\u00e0, nous entrons dans des explorations de mouvement conscient : des gestes simples, lents, souvent au sol, qui invitent le corps \u00e0 se r\u00e9organiser sans for\u00e7age, en respectant ses limites du jour.<\/p>\n<p data-start=\"1228\" data-end=\"1456\">Dans un second temps, lorsque l\u2019\u00e9coute est bien pr\u00e9sente, nous pouvons aller vers un travail plus directement corporel, notamment autour du dos et des fascias, avec des mouvements spiral\u00e9s, enveloppants, d\u00e9compressifs.<\/p>\n<p data-start=\"1458\" data-end=\"1603\">L\u2019id\u00e9e est laisser le mouvement devenir plus intelligent, plus fluide, plus juste pour chacun.<\/p>\n<p data-start=\"1605\" data-end=\"1769\">Chaque s\u00e9ance se termine par un temps d\u2019int\u00e9gration et de relaxation, car c\u2019est souvent dans le repos que le corps assimile r\u00e9ellement<br data-start=\"1745\" data-end=\"1748\" \/>ce qui a \u00e9t\u00e9 explor\u00e9.<\/p>\n<p data-start=\"1771\" data-end=\"1923\">Ici, il n\u2019y a pas de posture \u00e0 r\u00e9ussir,\u00a0 pas de performance \u00e0 atteindre. Chacun explore \u00e0 partir de son propre corps, dans une \u00e9coute respectueuse.<\/p>\n<blockquote data-start=\"1925\" data-end=\"2074\">\n<p style=\"text-align: center;\" data-start=\"1927\" data-end=\"2074\"><em data-start=\"1927\" data-end=\"1992\">Ce cours est une invitation \u00e0 bouger moins, mais \u00e0 sentir plus.<\/em><br data-start=\"1992\" data-end=\"1995\" \/><em data-start=\"1997\" data-end=\"2074\">\u00c0 faire confiance \u00e0 l\u2019intelligence du corps, lorsqu\u2019on lui laisse le temps.<\/em><\/p>\n<\/blockquote>\n<h3 data-start=\"2274\" data-end=\"2292\"><strong data-start=\"2278\" data-end=\"2292\">Pour qui ?<\/strong><\/h3>\n<p data-start=\"2294\" data-end=\"2334\">Ces s\u00e9ances conviennent :<\/p>\n<ul data-start=\"2335\" data-end=\"2615\">\n<li data-start=\"2335\" data-end=\"2379\">\n<p data-start=\"2337\" data-end=\"2379\">aux personnes ayant un dos sensible,<\/p>\n<\/li>\n<li data-start=\"2380\" data-end=\"2454\">\n<p data-start=\"2382\" data-end=\"2454\">\u00e0 celles et ceux qui ont besoin d\u2019un mouvement doux mais efficace,<\/p>\n<\/li>\n<li data-start=\"2455\" data-end=\"2538\">\n<p data-start=\"2457\" data-end=\"2538\">aux \u00e9l\u00e8ves recherchant un travail corporel conscient, pr\u00e9cis et r\u00e9g\u00e9n\u00e9rant,<\/p>\n<\/li>\n<li data-start=\"2539\" data-end=\"2615\">\n<p data-start=\"2541\" data-end=\"2615\">aux pratiquants de yoga souhaitant diversifier leur approche du mouvement.<\/p>\n<\/li>\n<\/ul>\n<h3 data-start=\"2617\" data-end=\"2672\"><strong data-start=\"2621\" data-end=\"2672\">Pourquoi cette pratique est-elle si b\u00e9n\u00e9fique ?<\/strong><\/h3>\n<p data-start=\"2674\" data-end=\"2726\">Parce qu\u2019elle repose sur trois principes simples :<\/p>\n<ul data-start=\"2727\" data-end=\"2972\">\n<li data-start=\"2727\" data-end=\"2794\">\n<p data-start=\"2729\" data-end=\"2794\">la lenteur du mouvement conscient, qui permet au syst\u00e8me nerveux de l\u00e2cher prise ;<\/p>\n<\/li>\n<li data-start=\"2795\" data-end=\"2874\">\n<p data-start=\"2797\" data-end=\"2874\">le mouvement en spirale, qui respecte la g\u00e9om\u00e9trie naturelle du corps ;<\/p>\n<\/li>\n<li data-start=\"2875\" data-end=\"2972\">\n<p data-start=\"2877\" data-end=\"2972\">la micro-variation, qui nourrit les tissus profonds et d\u00e9programme les tensions install\u00e9es.<\/p>\n<\/li>\n<\/ul>\n<p data-start=\"2974\" data-end=\"3090\">Sans effort, sans comparaison, sans objectif de performance : seulement un retour \u00e0 soi, \u00e0 la fluidit\u00e9, \u00e0 l\u2019aisance.<\/p>\n<h3 data-start=\"2974\" data-end=\"3090\"><strong>Quand et comment ?<\/strong><\/h3>\n<p>Ces s\u00e9ances se d\u00e9roulent en groupe restreint : Maximum 8 personnes et durent 1h30,<strong> sur r\u00e9servation uniquement<\/strong><\/p>\n<p>PLANNING DES SEANCES MARS &#8211; AVRIL mis \u00e0 jour en temps r\u00e9el :<\/p>\n<ul>\n<li>Samedi 11 avril 2026 de 11h \u00e0 12h30 (COMPLET)<\/li>\n<li>Vendredi 24 avril 2026 de 18h15 \u00e0 19h45 ( 3 places encore disponibles)<\/li>\n<li>Samedi 25 avril 2026 de 11h \u00e0 12h30 (COMPLET)<\/li>\n<li>Vendredi 15 mai 2026 de 18h15 \u00e0 19h45 (7 places disponibles)<\/li>\n<li>Samedi 30 mai de 11h \u00e0 12h30 (COMPLET)<\/li>\n<li>Samedi 13 juin de 11h \u00e0 12h30 (COMPLET)<\/li>\n<li>Vendredi 19 juin de 18h15 \u00e0 19h45 (7 places disponibles)<\/li>\n<\/ul>\n<p>Tarif :<\/p>\n<ul>\n<li>10 euros la s\u00e9ance pour les personnes participants d\u00e9j\u00e0 aux cours de yoga et m\u00e9ditation<\/li>\n<li>15 euros (pour les participants non inscrit \u00e0 d&#8217;autres cours ou ne souhaitant participer qu&#8217;\u00e0 celui ci) ou 36 euros la carte de 3 s\u00e9ances (soit 12\u00a0 euros la s\u00e9ance)<\/li>\n<\/ul>\n<p>Pour tout renseignement, vous pouvez me contacter au 06 21 49 22 63<\/p>\n<p><strong>Ce qu&#8217;elles en pensent :<\/strong><\/p>\n<p><em>&#8220;Cathy, merci pour cette pratique et cette tr\u00e8s belle approche en d\u00e9but de s\u00e9ance pour rentrer dans la pratique bien d\u00e9contract\u00e9e. Merci pour mon corps. Une sensation de bien-\u00eatre en profondeur, un \u00e9tirement de la colonne vert\u00e9brale, des \u00e9paules, une sensation d\u2019espace. J\u2019ai ressenti comme si j\u2019\u00e9tais sur un nuage ou de flotter. C\u2019\u00e9tait super agr\u00e9able &#8221; &#8211; Josiane<\/em><\/p>\n<p><em>&#8220;Merci Cathy pour cette s\u00e9ance. Une sensation d&#8217;\u00e9tirement en profondeur de la colonne et du corps. On retrouve de l&#8217;espace, souplesse et flexibilit\u00e9. Ton guidage est essentiel pour bien int\u00e9grer les mouvements et se rel\u00e2cher. Top !&#8221; &#8211; Karin<\/em><\/p>\n<p><em>&#8220;Une sensation de bien-etre profond etonnante, merci encore Cathy !&#8221; &#8211; Sandrine\u00a0<\/em><\/p>\n<p><em>&#8220;Merci Cathy, j&#8217;adh\u00e8re compl\u00e8tement a cette m\u00e9thode. Le bien \u00eatre ressenti, l&#8217;\u00e9tirement du corps, la paix int\u00e9rieure. Ta bienveillance aussi nous aide beaucoup. J&#8217;attends le prochains cours c&#8217;est mon kiffe.&#8221; &#8211; Danielle<\/em><\/p>\n<p><em>&#8220;Sentiment de l\u00e9g\u00e8ret\u00e9 et d\u2019ouverture dans le dos, Merci Cathy&#8221; &#8211; Letizia<\/em><\/p>\n<p>&nbsp;<\/p>\n<p>&nbsp;<\/p>\n<p>&nbsp;<\/p>\n<p>&nbsp;<\/p>\n<p>&nbsp;<\/p>\n<p>&nbsp;<\/p>\n<p><img loading=\"lazy\" decoding=\"async\" class=\" wp-image-502 aligncenter\" src=\"http:\/\/yoga-atmajaya.fr\/wp-content\/uploads\/2026\/02\/IMG_0468-300x225.jpeg\" alt=\"\" width=\"365\" height=\"274\" srcset=\"https:\/\/yoga-atmajaya.fr\/wp-content\/uploads\/2026\/02\/IMG_0468-300x225.jpeg 300w, https:\/\/yoga-atmajaya.fr\/wp-content\/uploads\/2026\/02\/IMG_0468-1024x768.jpeg 1024w, https:\/\/yoga-atmajaya.fr\/wp-content\/uploads\/2026\/02\/IMG_0468-768x576.jpeg 768w, https:\/\/yoga-atmajaya.fr\/wp-content\/uploads\/2026\/02\/IMG_0468-1536x1152.jpeg 1536w, https:\/\/yoga-atmajaya.fr\/wp-content\/uploads\/2026\/02\/IMG_0468-rotated.jpeg 2016w\" sizes=\"auto, (max-width: 365px) 100vw, 365px\" \/><\/p>\n<p style=\"text-align: center;\"><em>Configuration de la salle pour cette pratique le soir<\/em><\/p>\n\n\n<p><\/p>\n","protected":false},"excerpt":{"rendered":"<p>Une approche douce du yoga et du mouvement pour lib\u00e9rer le dos et les tissus profonds. (adapt\u00e9s aux dos sensibles et \u00e0 tous ceux qui souhaitent regagner fluidit\u00e9 et confort) Dans ces s\u00e9ances, nous explorons une approche de mouvement lente, pr\u00e9cise et profond\u00e9ment respectueuse du corps, fond\u00e9e sur des spirales, des micro-d\u00e9placements et un jeu &hellip; <\/p>\n<p class=\"link-more\"><a href=\"https:\/\/yoga-atmajaya.fr\/index.php\/fascias-et-mouvements-conscients\/\" class=\"more-link\">Continue reading<span class=\"screen-reader-text\"> &#8220;Fascias et Etirements conscients sp\u00e9cial Dos&#8221;<\/span><\/a><\/p>\n","protected":false},"author":1,"featured_media":0,"parent":0,"menu_order":0,"comment_status":"closed","ping_status":"closed","template":"","meta":{"footnotes":""},"class_list":["post-446","page","type-page","status-publish","hentry"],"_links":{"self":[{"href":"https:\/\/yoga-atmajaya.fr\/index.php\/wp-json\/wp\/v2\/pages\/446","targetHints":{"allow":["GET"]}}],"collection":[{"href":"https:\/\/yoga-atmajaya.fr\/index.php\/wp-json\/wp\/v2\/pages"}],"about":[{"href":"https:\/\/yoga-atmajaya.fr\/index.php\/wp-json\/wp\/v2\/types\/page"}],"author":[{"embeddable":true,"href":"https:\/\/yoga-atmajaya.fr\/index.php\/wp-json\/wp\/v2\/users\/1"}],"replies":[{"embeddable":true,"href":"https:\/\/yoga-atmajaya.fr\/index.php\/wp-json\/wp\/v2\/comments?post=446"}],"version-history":[{"count":19,"href":"https:\/\/yoga-atmajaya.fr\/index.php\/wp-json\/wp\/v2\/pages\/446\/revisions"}],"predecessor-version":[{"id":526,"href":"https:\/\/yoga-atmajaya.fr\/index.php\/wp-json\/wp\/v2\/pages\/446\/revisions\/526"}],"wp:attachment":[{"href":"https:\/\/yoga-atmajaya.fr\/index.php\/wp-json\/wp\/v2\/media?parent=446"}],"curies":[{"name":"wp","href":"https:\/\/api.w.org\/{rel}","templated":true}]}}