{"id":35,"date":"2018-07-03T12:11:08","date_gmt":"2018-07-03T10:11:08","guid":{"rendered":"http:\/\/yoga-atmajaya.fr\/?page_id=35"},"modified":"2026-03-16T12:20:48","modified_gmt":"2026-03-16T11:20:48","slug":"le-blog","status":"publish","type":"page","link":"https:\/\/yoga-atmajaya.fr\/index.php\/le-blog\/","title":{"rendered":"Le Blog et la chaine Youtube"},"content":{"rendered":"<p>Un blog sur lequel je d\u00e9pose des articles, des fiches de pratique, des vid\u00e9os&#8230;.<\/p>\n<p><a href=\"https:\/\/espaceatmajaya.blogspot.com\/\" target=\"_blank\" rel=\"noopener\">le blog<\/a><\/p>\n<p>&nbsp;<\/p>\n<p>Des relaxations, des m\u00e9ditations, des visualisations enregistr\u00e9es pour vous, \u00e0 \u00e9couter quand vous le souhaitez&#8230;<\/p>\n<p><a href=\"https:\/\/www.youtube.com\/channel\/UChGmd7nO5VPgcRLkqs53mkg\/featured\" target=\"_blank\" rel=\"noopener\">la chaine<\/a><\/p>\n<p>&nbsp;<\/p>\n<p>&nbsp;<\/p>\n<p><img loading=\"lazy\" decoding=\"async\" class=\"aligncenter wp-image-55 size-full\" src=\"http:\/\/yoga-atmajaya.fr\/wp-content\/uploads\/2018\/07\/photo-d-ouverture-2.jpg\" alt=\"\" width=\"1920\" height=\"1280\" srcset=\"https:\/\/yoga-atmajaya.fr\/wp-content\/uploads\/2018\/07\/photo-d-ouverture-2.jpg 1920w, https:\/\/yoga-atmajaya.fr\/wp-content\/uploads\/2018\/07\/photo-d-ouverture-2-300x200.jpg 300w, https:\/\/yoga-atmajaya.fr\/wp-content\/uploads\/2018\/07\/photo-d-ouverture-2-768x512.jpg 768w, https:\/\/yoga-atmajaya.fr\/wp-content\/uploads\/2018\/07\/photo-d-ouverture-2-1024x683.jpg 1024w\" sizes=\"auto, (max-width: 767px) 89vw, (max-width: 1000px) 54vw, (max-width: 1071px) 543px, 580px\" \/><\/p>\n<p>&nbsp;<\/p>\n","protected":false},"excerpt":{"rendered":"<p>Un blog sur lequel je d\u00e9pose des articles, des fiches de pratique, des vid\u00e9os&#8230;. le blog &nbsp; Des relaxations, des m\u00e9ditations, des visualisations enregistr\u00e9es pour vous, \u00e0 \u00e9couter quand vous le souhaitez&#8230; la chaine &nbsp; &nbsp; &nbsp;<\/p>\n","protected":false},"author":1,"featured_media":0,"parent":0,"menu_order":0,"comment_status":"closed","ping_status":"closed","template":"","meta":{"footnotes":""},"class_list":["post-35","page","type-page","status-publish","hentry"],"_links":{"self":[{"href":"https:\/\/yoga-atmajaya.fr\/index.php\/wp-json\/wp\/v2\/pages\/35","targetHints":{"allow":["GET"]}}],"collection":[{"href":"https:\/\/yoga-atmajaya.fr\/index.php\/wp-json\/wp\/v2\/pages"}],"about":[{"href":"https:\/\/yoga-atmajaya.fr\/index.php\/wp-json\/wp\/v2\/types\/page"}],"author":[{"embeddable":true,"href":"https:\/\/yoga-atmajaya.fr\/index.php\/wp-json\/wp\/v2\/users\/1"}],"replies":[{"embeddable":true,"href":"https:\/\/yoga-atmajaya.fr\/index.php\/wp-json\/wp\/v2\/comments?post=35"}],"version-history":[{"count":15,"href":"https:\/\/yoga-atmajaya.fr\/index.php\/wp-json\/wp\/v2\/pages\/35\/revisions"}],"predecessor-version":[{"id":518,"href":"https:\/\/yoga-atmajaya.fr\/index.php\/wp-json\/wp\/v2\/pages\/35\/revisions\/518"}],"wp:attachment":[{"href":"https:\/\/yoga-atmajaya.fr\/index.php\/wp-json\/wp\/v2\/media?parent=35"}],"curies":[{"name":"wp","href":"https:\/\/api.w.org\/{rel}","templated":true}]}}