{"id":244,"date":"2020-04-06T09:29:02","date_gmt":"2020-04-06T07:29:02","guid":{"rendered":"http:\/\/yoga-atmajaya.fr\/?page_id=244"},"modified":"2026-02-12T16:08:22","modified_gmt":"2026-02-12T15:08:22","slug":"ce-qui-me-tient-a-coeur","status":"publish","type":"page","link":"https:\/\/yoga-atmajaya.fr\/index.php\/ce-qui-me-tient-a-coeur\/","title":{"rendered":"Ce qui me tient \u00e0 Coeur"},"content":{"rendered":"<p>La cause des enfants est tr\u00e8s importante pour moi. Ils sont le futur et c&#8217;est nous qui construisons le monde qui sera le leur. Mon soutien aux enfants prend plusieurs formes. J&#8217;apporte mon soutien financier et le soutien du Coeur \u00e0\u00a0 :<\/p>\n<ul>\n<li>l&#8217;<strong>Association Inde et Nous France<\/strong>\u00a0 qui aide des familles et aide \u00e0 la scolarisation d&#8217;enfants et de jeunes vivant dans le bidonville de Dehradun. J&#8217;ai un contact fr\u00e9quent avec les responsables de l&#8217;association et je la soutiens en parrainant\u00a0 des enfants\u00a0<a href=\"https:\/\/www.helloasso.com\/associations\/association-inde-et-nous-france\" target=\"_blank\" rel=\"noopener\">http:\/\/indeetnousfrance.com\/<\/a><\/li>\n<li>L&#8217; <strong>Association Avenir Mang Non<\/strong> permet la scolarisation d&#8217;orphelins au Vietnam. Je soutiens cette association en parrainant des enfants depuis des ann\u00e9es :\u00a0<a href=\"http:\/\/mangnon.free.fr\/\" target=\"_blank\" rel=\"noopener\">http:\/\/mangnon.free.fr\/<\/a><\/li>\n<li>L&#8217; <strong>Association Neurofibromatoses et Recklinghausen<\/strong> s&#8217;occupe des personnes atteintes cette maladie orpheline et a cr\u00e9e une fondation que je soutiens pour la recherche fondamentale sur les tumeurs de l&#8217;enfant et de l&#8217;adulte. Cette association aide aussi les enfants de plein de fa\u00e7ons merveilleuses\u00a0 \u00a0<a href=\"https:\/\/www.anrfrance.fr\/page\/240949-accueil\" target=\"_blank\" rel=\"noopener\">https:\/\/www.anrfrance.fr\/page\/240949-accueil<\/a><\/li>\n<\/ul>\n<p>&nbsp;<\/p>\n<p><strong>SAVEZ VOUS CELA ? Si vous soutenez des associations, vous paierez moins d&#8217;imp\u00f4ts ?<\/strong> celles cit\u00e9es ci-dessus sont toutes des associations reconnues d&#8217;utilit\u00e9 publique et \u00e0 ce titre, un re\u00e7u fiscal vous est adress\u00e9 suite \u00e0 vos dons, que vous soyez un particulier ou une entreprise. Les renseignements sur ces r\u00e9ductions d&#8217;impots sont ici :<\/p>\n<p><a href=\"https:\/\/www.service-public.fr\/particuliers\/vosdroits\/F426\" target=\"_blank\" rel=\"noopener\">https:\/\/www.service-public.fr\/particuliers\/vosdroits\/F426<\/a><\/p>\n<p><a href=\"https:\/\/www.impots.gouv.fr\/portail\/professionnel\/dons-et-reductions-dimpot\" target=\"_blank\" rel=\"noopener\">https:\/\/www.impots.gouv.fr\/portail\/professionnel\/dons-et-reductions-dimpot<\/a><\/p>\n<p>N&#8217;h\u00e9sitez pas ! Merci pour eux et pour les personnes qu&#8217;elles aident.<\/p>\n<p><img loading=\"lazy\" decoding=\"async\" class=\"wp-image-250 aligncenter\" src=\"http:\/\/yoga-atmajaya.fr\/wp-content\/uploads\/2020\/04\/Let-love-and-compassion-flow-from-your-heart2-300x150.jpg\" alt=\"\" width=\"358\" height=\"179\" srcset=\"https:\/\/yoga-atmajaya.fr\/wp-content\/uploads\/2020\/04\/Let-love-and-compassion-flow-from-your-heart2-300x150.jpg 300w, https:\/\/yoga-atmajaya.fr\/wp-content\/uploads\/2020\/04\/Let-love-and-compassion-flow-from-your-heart2.jpg 600w\" sizes=\"auto, (max-width: 358px) 100vw, 358px\" \/><\/p>\n","protected":false},"excerpt":{"rendered":"<p>La cause des enfants est tr\u00e8s importante pour moi. Ils sont le futur et c&#8217;est nous qui construisons le monde qui sera le leur. Mon soutien aux enfants prend plusieurs formes. J&#8217;apporte mon soutien financier et le soutien du Coeur \u00e0\u00a0 : l&#8217;Association Inde et Nous France\u00a0 qui aide des familles et aide \u00e0 la &hellip; <\/p>\n<p class=\"link-more\"><a href=\"https:\/\/yoga-atmajaya.fr\/index.php\/ce-qui-me-tient-a-coeur\/\" class=\"more-link\">Continue reading<span class=\"screen-reader-text\"> &#8220;Ce qui me tient \u00e0 Coeur&#8221;<\/span><\/a><\/p>\n","protected":false},"author":1,"featured_media":0,"parent":0,"menu_order":0,"comment_status":"closed","ping_status":"closed","template":"","meta":{"footnotes":""},"class_list":["post-244","page","type-page","status-publish","hentry"],"_links":{"self":[{"href":"https:\/\/yoga-atmajaya.fr\/index.php\/wp-json\/wp\/v2\/pages\/244","targetHints":{"allow":["GET"]}}],"collection":[{"href":"https:\/\/yoga-atmajaya.fr\/index.php\/wp-json\/wp\/v2\/pages"}],"about":[{"href":"https:\/\/yoga-atmajaya.fr\/index.php\/wp-json\/wp\/v2\/types\/page"}],"author":[{"embeddable":true,"href":"https:\/\/yoga-atmajaya.fr\/index.php\/wp-json\/wp\/v2\/users\/1"}],"replies":[{"embeddable":true,"href":"https:\/\/yoga-atmajaya.fr\/index.php\/wp-json\/wp\/v2\/comments?post=244"}],"version-history":[{"count":13,"href":"https:\/\/yoga-atmajaya.fr\/index.php\/wp-json\/wp\/v2\/pages\/244\/revisions"}],"predecessor-version":[{"id":501,"href":"https:\/\/yoga-atmajaya.fr\/index.php\/wp-json\/wp\/v2\/pages\/244\/revisions\/501"}],"wp:attachment":[{"href":"https:\/\/yoga-atmajaya.fr\/index.php\/wp-json\/wp\/v2\/media?parent=244"}],"curies":[{"name":"wp","href":"https:\/\/api.w.org\/{rel}","templated":true}]}}