{"id":2,"date":"2018-07-02T22:33:23","date_gmt":"2018-07-02T20:33:23","guid":{"rendered":"http:\/\/yoga-atmajaya.fr\/?page_id=2"},"modified":"2026-03-16T12:11:35","modified_gmt":"2026-03-16T11:11:35","slug":"ateliers-de-meditation","status":"publish","type":"page","link":"https:\/\/yoga-atmajaya.fr\/index.php\/ateliers-de-meditation\/","title":{"rendered":"M\u00e9ditation et Regards crois\u00e9s sur la Sagesse"},"content":{"rendered":"<p>Ces ateliers peuvent \u00eatre suivis de fa\u00e7on ind\u00e9pendante et s\u00e9par\u00e9s des cours de Yoga que je propose.<\/p>\n<p style=\"text-align: center;\"><em><strong>Explorer la conscience \u00e0 travers la pratique m\u00e9ditative, les traditions spirituelles et les grandes visions du monde.<\/strong><\/em><\/p>\n<p data-start=\"356\" data-end=\"509\">Chaque jeudi soir, je vous invite \u00e0 un moment suspendu, un rendez-vous avec vous-m\u00eame, dans la simplicit\u00e9 d\u2019un souffle, dans la densit\u00e9 d\u2019une pr\u00e9sence.<\/p>\n<p data-start=\"511\" data-end=\"897\">Ces ateliers s\u2019ouvrent toujours par une relaxation douce, pour se d\u00e9poser, respirer, revenir au corps, puis la m\u00e9ditation nous emm\u00e8ne \u2014 guid\u00e9e, fluide, accessible \u2014 vers une \u00e9coute plus subtile, une attention plus vaste.\u00a0M\u00e9diter est une fa\u00e7on d\u2019entrer en lien, de se rencontrer soi-m\u00eame \u00e0 travers des traditions profondes et vivantes.<\/p>\n<p data-start=\"899\" data-end=\"1320\">Nous explorons ensemble les pratiques issues du bouddhisme, du shiva\u00efsme du Cachemire\u00a0\u00a0(mais aussi de vision plus moderne comme la pleine conscience), les enseignements philosophiques de ces traditions mais aussi ceux plus proches de nous du mysticisme chr\u00e9tien, ou des philosophies antiques comme les sto\u00efciens. Nous explorons, nous comparons, nous ressentons. Nous ne cherchons pas \u00e0 croire, mais \u00e0 comprendre et \u00e0 laisser r\u00e9sonner en nous de fa\u00e7on \u00e0 garder ce qui \u00e9claire, ce qui fait sens pour nous\u00a0 aujourd\u2019hui, en 2026.<\/p>\n<p data-start=\"1322\" data-end=\"1604\">Ces rencontres sont rythm\u00e9es par la pratique, par des \u00e9changes riches et sensibles,\u00a0et par une curiosit\u00e9 vivante pour ces grands courants spirituels de l\u2019humanit\u00e9.\u00a0Chacun y vient tel qu\u2019il est \u2014 d\u00e9butant ou pratiquant \u2014 avec ses questions, son histoire, son silence.<\/p>\n<p data-start=\"1606\" data-end=\"1786\">Que vous soyez l\u00e0 pour apaiser l\u2019esprit, pour cultiver une pr\u00e9sence plus fine,\u00a0ou pour approfondir votre compr\u00e9hension des enseignements traditionnels,\u00a0vous \u00eates les bienvenus.<\/p>\n<p>Nous trouverons ensemble votre Art de l&#8217;assise, que ce soit au sol, sur un bolster, sur un coussin confortable ou sur une chaise, ou peut \u00eatre m\u00eame allong\u00e9 si votre dos est tr\u00e8s sensible,\u00a0 la salle est \u00e9quip\u00e9e pour cela.<\/p>\n<p style=\"text-align: center;\"><em><strong>Des traditions anciennes pour \u00e9clairer le pr\u00e9sent.\u00a0<\/strong><\/em><strong><em>Une \u00e9coute int\u00e9rieure pour retrouver l\u2019essentiel.<\/em><\/strong><\/p>\n<p>&nbsp;<\/p>\n<p><strong>Pourquoi parler de\u00a0 &#8220;Regards crois\u00e9s sur la Sagesse&#8221; ?<\/strong><\/p>\n<p>Certains chemins int\u00e9rieurs peuvent se rencontrer dans le Coeur mystique,\u00a0l\u00e0 o\u00f9 l<span style=\"font-size: 1rem;\">e langage devient po\u00e9tique, symbolique, paradoxal, l\u00e0 o\u00f9 l<\/span><span style=\"font-size: 1rem;\">e dogme s\u2019efface au profit de l\u2019exp\u00e9rience, l\u00e0 o\u00f9 l<\/span><span style=\"font-size: 1rem;\">a s\u00e9paration est br\u00fbl\u00e9e dans l\u2019amour, l\u00e0 o\u00f9 l<\/span><span style=\"font-size: 1rem;\">e \u201cje\u201d devient transparent, poreux, dissous.<\/span><\/p>\n<p style=\"text-align: center;\">Jean de la Croix disait : <em data-start=\"1822\" data-end=\"1861\">\u201cPour poss\u00e9der tout, ne d\u00e9sire rien.\u201d<\/em><\/p>\n<p style=\"text-align: center;\">Ma\u00eetre Eckhart disait : <em data-start=\"1885\" data-end=\"1924\">\u201cJe prie Dieu de me lib\u00e9rer de Dieu.\u201d<\/em><\/p>\n<p style=\"text-align: center;\">R\u00fbm\u00ee disait : <em data-start=\"1938\" data-end=\"2004\">\u201cJe ne suis ni chr\u00e9tien, ni juif, ni musulman\u2026 Je suis l\u2019Amour.\u201d<\/em><\/p>\n<p data-start=\"2006\" data-end=\"2123\">Ces voix-l\u00e0 parlent la m\u00eame langue que le Shiva\u00efsme du Cachemire et pourraient\u00a0dire avec Utpaladeva ou Abhinavagupta : &#8216;Je suis Shiva&#8230;.mais je l&#8217;avais oubli\u00e9&#8221;<\/p>\n<p data-start=\"2892\" data-end=\"2918\"><span style=\"font-size: 1rem;\">Il y a des \u00eatres, dans toutes les traditions, qui\u00a0sentent<\/span><span style=\"font-size: 1rem;\">\u00a0qu\u2019il y a <\/span>une v\u00e9rit\u00e9 vivante \u00e0 rencontrer<span style=\"font-size: 1rem;\">, au fond du silence et que\u00a0<\/span><span style=\"font-size: 1rem;\">c\u2019est l\u00e0 que les traditions se retrouvent, <\/span>non dans leur th\u00e9ologie, mais dans leur feu.<\/p>\n<p style=\"text-align: center;\" data-start=\"178\" data-end=\"257\"><strong><em>Il existe un lieu sans nom,<\/em><\/strong><br data-start=\"205\" data-end=\"208\" \/><strong><em>au-del\u00e0 des religions, des dogmes, des croyances.<\/em><\/strong><\/p>\n<p style=\"text-align: center;\" data-start=\"259\" data-end=\"374\"><strong><em>Un lieu nu, silencieux,<\/em><\/strong><br data-start=\"282\" data-end=\"285\" \/><strong><em>o\u00f9 l\u2019\u00catre se reconna\u00eet en lui-m\u00eame,<\/em><\/strong><br data-start=\"324\" data-end=\"327\" \/><strong><em>o\u00f9 le moi s\u2019efface comme la brume au matin.<\/em><\/strong><\/p>\n<p style=\"text-align: center;\" data-start=\"376\" data-end=\"513\"><strong><em>Dans ce lieu,<\/em><\/strong><br data-start=\"389\" data-end=\"392\" \/><strong><em>il n\u2019y a ni chr\u00e9tien, ni soufi, ni yogin,<\/em><\/strong><br data-start=\"433\" data-end=\"436\" \/><strong><em>mais seulement des c\u0153urs d\u00e9nud\u00e9s,<br data-start=\"471\" data-end=\"474\" \/>ouverts au feu sans forme de l\u2019Amour.<\/em><\/strong><\/p>\n<p style=\"text-align: center;\" data-start=\"515\" data-end=\"606\"><strong><em>L\u00e0, les mystiques ne d\u00e9battent pas.<\/em><\/strong><br data-start=\"550\" data-end=\"553\" \/><strong><em>Ils s\u2019inclinent,<\/em><\/strong><br data-start=\"569\" data-end=\"572\" \/><strong><em>comme des miroirs dans la lumi\u00e8re.<\/em><\/strong><\/p>\n<p style=\"text-align: center;\" data-start=\"608\" data-end=\"718\"><strong><em>Car ce qui br\u00fble en eux est le m\u00eame feu.<\/em><\/strong><br data-start=\"652\" data-end=\"655\" \/><strong><em>Et ce qui regarde \u00e0 travers leurs yeux<\/em><\/strong><br data-start=\"693\" data-end=\"696\" \/><strong><em>n\u2019a jamais \u00e9t\u00e9 s\u00e9par\u00e9.<\/em><\/strong><\/p>\n<p>Ces ateliers ont lieu tous les jeudis de 18h15 \u00e0 19h30 et comprennent\u00a0 :<\/p>\n<ul>\n<li>Une pratique de mise en disponibilit\u00e9 pour d\u00e9buter la s\u00e9ance (par exemple relaxation, lecture de texte de sagesse, \u00e9coute de mantra ou de musique, respiration&#8230;.)<\/li>\n<li>Des pratiques de concentration et de m\u00e9ditation<\/li>\n<li>Un enseignement qui sert de th\u00e8me \u00e0 la pratique propos\u00e9e<\/li>\n<li>Le mat\u00e9riel de chaque atelier vous est envoy\u00e9 par mail apr\u00e8s la s\u00e9ance : replay de la s\u00e9ance (enregistr\u00e9 sur zoom),\u00a0 documents pr\u00e9sentant les enseignements de fa\u00e7on claire, documentation relative \u00e0 un th\u00e8me abord\u00e9 pendant les \u00e9changes, etc.<\/li>\n<li>LES COURS SONT DONNES SIMULTANEMENT EN PRESENTIEL ET PAR ZOOM pour les personnes qui souhaitent pratiquer dans leur environnement quotidien. Dans la salle, des chaises et des coussins de m\u00e9ditation sont \u00e0 disposition pour tous.<\/li>\n<li>Pour ceux qui le souhaitent, un moment d&#8217;\u00e9change a souvent lieu apr\u00e8s la s\u00e9ance car cela nous laisse tout le temps de parler.<\/li>\n<\/ul>\n<p>Tarif : 1 tampon sur votre carte ou 12 euros si r\u00e8glement au cours.\u00a0 (voir l&#8217;onglet horaires et tarifs)<\/p>\n<p>Les cours d&#8217;essai sont possibles toute l&#8217;ann\u00e9e. N\u00e9anmoins une motivation sinc\u00e8re est souhait\u00e9e si vous envisagez de rejoindre ces s\u00e9ances en cours d&#8217;ann\u00e9e en raison de la progressivit\u00e9 des enseignements.<\/p>\n<p>&nbsp;<\/p>\n<p><img loading=\"lazy\" decoding=\"async\" class=\"aligncenter\" src=\"https:\/\/cdn.pixabay.com\/photo\/2020\/03\/01\/22\/14\/away-4894285_1280.jpg\" alt=\"Plus de 40 000 images de Chemin Forestier et de Chemin - Pixabay\" width=\"384\" height=\"256\" \/><\/p>\n<p>&nbsp;<\/p>\n<p>&nbsp;<\/p>\n","protected":false},"excerpt":{"rendered":"<p>Ces ateliers peuvent \u00eatre suivis de fa\u00e7on ind\u00e9pendante et s\u00e9par\u00e9s des cours de Yoga que je propose. Explorer la conscience \u00e0 travers la pratique m\u00e9ditative, les traditions spirituelles et les grandes visions du monde. Chaque jeudi soir, je vous invite \u00e0 un moment suspendu, un rendez-vous avec vous-m\u00eame, dans la simplicit\u00e9 d\u2019un souffle, dans la &hellip; <\/p>\n<p class=\"link-more\"><a href=\"https:\/\/yoga-atmajaya.fr\/index.php\/ateliers-de-meditation\/\" class=\"more-link\">Continue reading<span class=\"screen-reader-text\"> &#8220;M\u00e9ditation et Regards crois\u00e9s sur la Sagesse&#8221;<\/span><\/a><\/p>\n","protected":false},"author":1,"featured_media":0,"parent":0,"menu_order":3,"comment_status":"closed","ping_status":"open","template":"","meta":{"footnotes":""},"class_list":["post-2","page","type-page","status-publish","hentry"],"_links":{"self":[{"href":"https:\/\/yoga-atmajaya.fr\/index.php\/wp-json\/wp\/v2\/pages\/2","targetHints":{"allow":["GET"]}}],"collection":[{"href":"https:\/\/yoga-atmajaya.fr\/index.php\/wp-json\/wp\/v2\/pages"}],"about":[{"href":"https:\/\/yoga-atmajaya.fr\/index.php\/wp-json\/wp\/v2\/types\/page"}],"author":[{"embeddable":true,"href":"https:\/\/yoga-atmajaya.fr\/index.php\/wp-json\/wp\/v2\/users\/1"}],"replies":[{"embeddable":true,"href":"https:\/\/yoga-atmajaya.fr\/index.php\/wp-json\/wp\/v2\/comments?post=2"}],"version-history":[{"count":46,"href":"https:\/\/yoga-atmajaya.fr\/index.php\/wp-json\/wp\/v2\/pages\/2\/revisions"}],"predecessor-version":[{"id":514,"href":"https:\/\/yoga-atmajaya.fr\/index.php\/wp-json\/wp\/v2\/pages\/2\/revisions\/514"}],"wp:attachment":[{"href":"https:\/\/yoga-atmajaya.fr\/index.php\/wp-json\/wp\/v2\/media?parent=2"}],"curies":[{"name":"wp","href":"https:\/\/api.w.org\/{rel}","templated":true}]}}